{"id":1234,"date":"2025-01-20T14:57:25","date_gmt":"2025-01-20T14:57:25","guid":{"rendered":"https:\/\/theme.madsparrow.me\/fanky\/?page_id=1234"},"modified":"2026-05-06T08:09:01","modified_gmt":"2026-05-06T08:09:01","slug":"personal-portfolio","status":"publish","type":"page","link":"https:\/\/www.aybarsyucel.com\/en\/","title":{"rendered":"Personal Portfolio"},"content":{"rendered":"<div data-elementor-type=\"wp-page\" data-elementor-id=\"1234\" class=\"elementor elementor-1234\">\n\t\t\t\t<div class=\"elementor-element elementor-element-572d490 e-con-full e-flex no no e-con e-parent\" data-id=\"572d490\" data-element_type=\"container\" data-e-type=\"container\">\n\t\t<div class=\"elementor-element elementor-element-0848d63 e-con-full e-flex no no e-con e-child\" data-id=\"0848d63\" data-element_type=\"container\" data-e-type=\"container\">\n\t\t\t\t<div class=\"elementor-element elementor-element-8f09076 elementor-widget elementor-widget-heading\" data-id=\"8f09076\" data-element_type=\"widget\" data-e-type=\"widget\" data-widget_type=\"heading.default\">\n\t\t\t\t\t<h2 class=\"elementor-heading-title elementor-size-default\">One step before the Artakalan, one step after.<\/h2>\t\t\t\t<\/div>\n\t\t\t\t<\/div>\n\t\t<div class=\"elementor-element elementor-element-f0a1b07 e-con-full e-flex no no e-con e-child\" data-id=\"f0a1b07\" data-element_type=\"container\" data-e-type=\"container\">\n\t\t\t\t<\/div>\n\t\t<div class=\"elementor-element elementor-element-566b99a e-con-full e-flex no no e-con e-child\" data-id=\"566b99a\" data-element_type=\"container\" data-e-type=\"container\">\n\t\t\t\t<\/div>\n\t\t<div class=\"elementor-element elementor-element-8670c1b e-con-full e-flex no no e-con e-child\" data-id=\"8670c1b\" data-element_type=\"container\" data-e-type=\"container\" data-settings=\"{&quot;position&quot;:&quot;absolute&quot;}\">\n\t\t\t\t<div class=\"elementor-element elementor-element-c71dcc0 elementor-widget elementor-widget-ms_magnetic\" data-id=\"c71dcc0\" data-element_type=\"widget\" data-e-type=\"widget\" data-widget_type=\"ms_magnetic.default\">\n\t\t\t\t<div class=\"elementor-widget-container\">\n\t\t\t\t\t\r\n            <div class=\"magnetic_hero\">\r\n                <div class=\"hero__images\">\r\n                                            <div class=\"hero__image\">\r\n                            <img decoding=\"async\" src=\"https:\/\/demosal.site\/wp-content\/uploads\/2026\/04\/karo1.jpg\" class=\"magnetic-image\" alt=\"karo1\">\r\n                        <\/div>\r\n                                            <div class=\"hero__image\">\r\n                            <img decoding=\"async\" src=\"https:\/\/demosal.site\/wp-content\/uploads\/2026\/04\/grav-1.jpg\" class=\"magnetic-image\" alt=\"grav-1\">\r\n                        <\/div>\r\n                                            <div class=\"hero__image\">\r\n                            <img decoding=\"async\" src=\"https:\/\/demosal.site\/wp-content\/uploads\/2026\/04\/asti1.jpg\" class=\"magnetic-image\" alt=\"asti1\">\r\n                        <\/div>\r\n                                            <div class=\"hero__image\">\r\n                            <img decoding=\"async\" src=\"https:\/\/demosal.site\/wp-content\/uploads\/2026\/04\/ilust1.jpg\" class=\"magnetic-image\" alt=\"ilust1\">\r\n                        <\/div>\r\n                                            <div class=\"hero__image\">\r\n                            <img decoding=\"async\" src=\"https:\/\/demosal.site\/wp-content\/uploads\/2026\/04\/ayb-1.jpg\" class=\"magnetic-image\" alt=\"ayb-1\">\r\n                        <\/div>\r\n                                    <\/div>\r\n            <\/div>\r\n\r\n    \t\t\t\t<\/div>\n\t\t\t\t<\/div>\n\t\t\t\t<\/div>\n\t\t<div class=\"elementor-element elementor-element-646b542 e-con-full e-flex no no e-con e-child\" data-id=\"646b542\" data-element_type=\"container\" data-e-type=\"container\">\n\t\t\t\t<div class=\"elementor-element elementor-element-df395b1 elementor-widget elementor-widget-heading\" data-id=\"df395b1\" data-element_type=\"widget\" data-e-type=\"widget\" data-widget_type=\"heading.default\">\n\t\t\t\t\t<p class=\"elementor-heading-title elementor-size-default\">I'm searching for what endures within what passes. I'm translating the city's rhythm into the language of its walls.<\/p>\t\t\t\t<\/div>\n\t\t\t\t<\/div>\n\t\t<div class=\"elementor-element elementor-element-877cc44 e-con-full e-flex no no e-con e-child\" data-id=\"877cc44\" data-element_type=\"container\" data-e-type=\"container\">\n\t\t\t\t<div class=\"elementor-element elementor-element-7a229ff elementor-widget elementor-widget-ms-button\" data-id=\"7a229ff\" data-element_type=\"widget\" data-e-type=\"widget\" data-widget_type=\"ms-button.default\">\n\t\t\t\t<div class=\"elementor-widget-container\">\n\t\t\t\t\t\r\n\r\n\t\t<a class=\"btn btn-default btn--md btn--contrast\" role=\"button\" href=\"https:\/\/www.aybarsyucel.com\/en\/iletisim\/\">\r\n\r\n\t\t\t\r\n\t\t\t<div class=\"ms-btn__text\">Communication<\/div>\r\n\r\n\r\n\t\t\t\r\n\t\t<\/a>\r\n\r\n\t\t\t\t\t\t<\/div>\n\t\t\t\t<\/div>\n\t\t\t\t<div class=\"elementor-element elementor-element-9beddec elementor-widget elementor-widget-ms-button\" data-id=\"9beddec\" data-element_type=\"widget\" data-e-type=\"widget\" data-widget_type=\"ms-button.default\">\n\t\t\t\t<div class=\"elementor-widget-container\">\n\t\t\t\t\t\r\n\r\n\t\t<a class=\"btn btn-default btn--md btn--subtle\" role=\"button\" href=\"https:\/\/www.aybarsyucel.com\/en\/projeler\/\">\r\n\r\n\t\t\t\r\n\t\t\t<div class=\"ms-btn__text\">Projects<\/div>\r\n\r\n\r\n\t\t\t\r\n\t\t<\/a>\r\n\r\n\t\t\t\t\t\t<\/div>\n\t\t\t\t<\/div>\n\t\t\t\t<\/div>\n\t\t\t\t<\/div>\n\t\t<div class=\"elementor-element elementor-element-d8c96e1 e-flex e-con-boxed no no e-con e-parent\" data-id=\"d8c96e1\" data-element_type=\"container\" data-e-type=\"container\">\n\t\t\t\t\t<div class=\"e-con-inner\">\n\t\t\t\t<div class=\"elementor-element elementor-element-e29d7a9 elementor-widget elementor-widget-heading\" data-id=\"e29d7a9\" data-element_type=\"widget\" data-e-type=\"widget\" data-widget_type=\"heading.default\">\n\t\t\t\t\t<h2 class=\"elementor-heading-title elementor-size-default\">Selections<\/h2>\t\t\t\t<\/div>\n\t\t\t\t\t<\/div>\n\t\t\t\t<\/div>\n\t\t<div class=\"elementor-element elementor-element-c32805d e-flex e-con-boxed no no e-con e-parent\" data-id=\"c32805d\" data-element_type=\"container\" data-e-type=\"container\">\n\t\t\t\t\t<div class=\"e-con-inner\">\n\t\t\t\t<div class=\"elementor-element elementor-element-9fc52f0 elementor-widget elementor-widget-ms_slider\" data-id=\"9fc52f0\" data-element_type=\"widget\" data-e-type=\"widget\" data-widget_type=\"ms_slider.default\">\n\t\t\t\t<div class=\"elementor-widget-container\">\n\t\t\t\t\t\r\n                    <div class=\"ms-slider default-slider\">\r\n\r\n                        <div class=\"swiper ms-slider-default\" data-autoplay=\"enable\" data-autoplay-delay=\"5000\" data-centered=\"on\" data-mousewheel=\"on\" data-simulatetouch=\"on\" data-effect=\"slide\" data-direction=\"horizontal\" data-loop=\"on\" data-spv=\"3\" data-spv-t=\"1\" data-spv-m=\"3\" data-space=\"50\" data-space-t=\"0\" data-space-m=\"0\" data-speed=\"1000\" data-navigation=\"\" data-nav=\"\" data-pagination=\"\" data-nav-position=\"\" data-mask=\"\">\r\n\r\n                            \r\n                            <div class=\"swiper-wrapper\">\r\n\r\n                                \r\n                                    <div class=\"swiper-slide\">\r\n                                    \r\n                                                                                    <div class=\"ms-slider--img\">\r\n                                                <img decoding=\"async\" src=\"https:\/\/www.aybarsyucel.com\/wp-content\/uploads\/2024\/12\/afcf8a42158747.57c32ac2007a8.jpg\" title=\"afcf8a42158747.57c32ac2007a8\" alt=\"afcf8a42158747.57c32ac2007a8\" loading=\"lazy\" \/>                                            <\/div>\r\n                                                                                \r\n                                        \r\n                                        \r\n                                            \r\n                                                <div class=\"ms-slider--cont ms-material-label swiper-material-animate-opacity\">\r\n                                                    <div class=\"ms-cont__inner\">\r\n\r\n                                                        \r\n                                                                                                                \r\n                                                        <div class=\"ms-slider--overlay\"><\/div>\r\n                                                    <\/div>\r\n                                                <\/div>\r\n\r\n                                            \r\n                                        \r\n                                    <\/div>\r\n\r\n                                \r\n                                    <div class=\"swiper-slide\">\r\n                                    \r\n                                                                                    <div class=\"ms-slider--img\">\r\n                                                <img decoding=\"async\" src=\"https:\/\/www.aybarsyucel.com\/wp-content\/uploads\/2024\/12\/44819234_548516338909934_5295953585186537472_n-1140x760-1.jpg\" title=\"44819234_548516338909934_5295953585186537472_n-1140x760\" alt=\"44819234_548516338909934_5295953585186537472_n-1140x760\" loading=\"lazy\" \/>                                            <\/div>\r\n                                                                                \r\n                                        \r\n                                        \r\n                                            \r\n                                                <div class=\"ms-slider--cont ms-material-label swiper-material-animate-opacity\">\r\n                                                    <div class=\"ms-cont__inner\">\r\n\r\n                                                        \r\n                                                                                                                \r\n                                                        <div class=\"ms-slider--overlay\"><\/div>\r\n                                                    <\/div>\r\n                                                <\/div>\r\n\r\n                                            \r\n                                        \r\n                                    <\/div>\r\n\r\n                                \r\n                                    <div class=\"swiper-slide\">\r\n                                    \r\n                                                                                    <div class=\"ms-slider--img\">\r\n                                                <img decoding=\"async\" src=\"https:\/\/www.aybarsyucel.com\/wp-content\/uploads\/2026\/04\/20260112_155805.jpg\" title=\"20260112_155805\" alt=\"20260112_155805\" loading=\"lazy\" \/>                                            <\/div>\r\n                                                                                \r\n                                        \r\n                                        \r\n                                            \r\n                                                <div class=\"ms-slider--cont ms-material-label swiper-material-animate-opacity\">\r\n                                                    <div class=\"ms-cont__inner\">\r\n\r\n                                                        \r\n                                                        \r\n                                                            <div class=\"ms-cont__btn\">\r\n\r\n                                                                \r\n                                                            <\/div>\r\n\r\n                                                                                                                \r\n                                                        <div class=\"ms-slider--overlay\"><\/div>\r\n                                                    <\/div>\r\n                                                <\/div>\r\n\r\n                                            \r\n                                        \r\n                                    <\/div>\r\n\r\n                                \r\n                                    <div class=\"swiper-slide\">\r\n                                    \r\n                                                                                    <div class=\"ms-slider--img\">\r\n                                                <img decoding=\"async\" src=\"https:\/\/www.aybarsyucel.com\/wp-content\/uploads\/2026\/04\/20240917_181655.jpg\" title=\"20240917_181655\" alt=\"20240917_181655\" loading=\"lazy\" \/>                                            <\/div>\r\n                                                                                \r\n                                        \r\n                                        \r\n                                            \r\n                                                <div class=\"ms-slider--cont ms-material-label swiper-material-animate-opacity\">\r\n                                                    <div class=\"ms-cont__inner\">\r\n\r\n                                                        \r\n                                                                                                                \r\n                                                        <div class=\"ms-slider--overlay\"><\/div>\r\n                                                    <\/div>\r\n                                                <\/div>\r\n\r\n                                            \r\n                                        \r\n                                    <\/div>\r\n\r\n                                \r\n                            <\/div>\r\n                            \r\n                                                        \r\n                        <\/div>\r\n\r\n                    <\/div>\r\n\r\n                \r\n\r\n\t\t\t\t\t\t<\/div>\n\t\t\t\t<\/div>\n\t\t\t\t<div class=\"elementor-element elementor-element-5b940b7 elementor-widget elementor-widget-ms_slider\" data-id=\"5b940b7\" data-element_type=\"widget\" data-e-type=\"widget\" data-widget_type=\"ms_slider.default\">\n\t\t\t\t<div class=\"elementor-widget-container\">\n\t\t\t\t\t\r\n                    <div class=\"ms-slider default-slider\">\r\n\r\n                        <div class=\"swiper ms-slider-default\" data-autoplay=\"enable\" data-autoplay-delay=\"5000\" data-centered=\"on\" data-mousewheel=\"on\" data-simulatetouch=\"on\" data-effect=\"slide\" data-direction=\"horizontal\" data-loop=\"on\" data-spv=\"3\" data-spv-t=\"1\" data-spv-m=\"3\" data-space=\"50\" data-space-t=\"0\" data-space-m=\"0\" data-speed=\"1000\" data-navigation=\"\" data-nav=\"\" data-pagination=\"\" data-nav-position=\"\" data-mask=\"\">\r\n\r\n                            \r\n                            <div class=\"swiper-wrapper\">\r\n\r\n                                \r\n                                    <div class=\"swiper-slide\">\r\n                                    \r\n                                                                                    <div class=\"ms-slider--img\">\r\n                                                <img decoding=\"async\" src=\"https:\/\/www.aybarsyucel.com\/wp-content\/uploads\/2026\/04\/DSC_0513.jpg\" title=\"A\" alt=\"A\" loading=\"lazy\" \/>                                            <\/div>\r\n                                                                                \r\n                                        \r\n                                        \r\n                                            \r\n                                                <div class=\"ms-slider--cont ms-material-label swiper-material-animate-opacity\">\r\n                                                    <div class=\"ms-cont__inner\">\r\n\r\n                                                        \r\n                                                                                                                \r\n                                                        <div class=\"ms-slider--overlay\"><\/div>\r\n                                                    <\/div>\r\n                                                <\/div>\r\n\r\n                                            \r\n                                        \r\n                                    <\/div>\r\n\r\n                                \r\n                                    <div class=\"swiper-slide\">\r\n                                    \r\n                                                                                    <div class=\"ms-slider--img\">\r\n                                                <img decoding=\"async\" src=\"https:\/\/www.aybarsyucel.com\/wp-content\/uploads\/2026\/04\/20240728_123226.jpg\" title=\"20240728_123226\" alt=\"20240728_123226\" loading=\"lazy\" \/>                                            <\/div>\r\n                                                                                \r\n                                        \r\n                                        \r\n                                            \r\n                                                <div class=\"ms-slider--cont ms-material-label swiper-material-animate-opacity\">\r\n                                                    <div class=\"ms-cont__inner\">\r\n\r\n                                                        \r\n                                                                                                                \r\n                                                        <div class=\"ms-slider--overlay\"><\/div>\r\n                                                    <\/div>\r\n                                                <\/div>\r\n\r\n                                            \r\n                                        \r\n                                    <\/div>\r\n\r\n                                \r\n                                    <div class=\"swiper-slide\">\r\n                                    \r\n                                                                                    <div class=\"ms-slider--img\">\r\n                                                <img decoding=\"async\" src=\"https:\/\/www.aybarsyucel.com\/wp-content\/uploads\/2026\/04\/DSC0018.jpg\" title=\"_DSC0018\" alt=\"_DSC0018\" loading=\"lazy\" \/>                                            <\/div>\r\n                                                                                \r\n                                        \r\n                                        \r\n                                            \r\n                                                <div class=\"ms-slider--cont ms-material-label swiper-material-animate-opacity\">\r\n                                                    <div class=\"ms-cont__inner\">\r\n\r\n                                                        \r\n                                                        \r\n                                                            <div class=\"ms-cont__btn\">\r\n\r\n                                                                \r\n                                                            <\/div>\r\n\r\n                                                                                                                \r\n                                                        <div class=\"ms-slider--overlay\"><\/div>\r\n                                                    <\/div>\r\n                                                <\/div>\r\n\r\n                                            \r\n                                        \r\n                                    <\/div>\r\n\r\n                                \r\n                                    <div class=\"swiper-slide\">\r\n                                    \r\n                                                                                    <div class=\"ms-slider--img\">\r\n                                                <img decoding=\"async\" src=\"https:\/\/www.aybarsyucel.com\/wp-content\/uploads\/2024\/12\/DSC03328.webp\" title=\"DSC03328\" alt=\"DSC03328\" loading=\"lazy\" \/>                                            <\/div>\r\n                                                                                \r\n                                        \r\n                                        \r\n                                            \r\n                                                <div class=\"ms-slider--cont ms-material-label swiper-material-animate-opacity\">\r\n                                                    <div class=\"ms-cont__inner\">\r\n\r\n                                                        \r\n                                                                                                                \r\n                                                        <div class=\"ms-slider--overlay\"><\/div>\r\n                                                    <\/div>\r\n                                                <\/div>\r\n\r\n                                            \r\n                                        \r\n                                    <\/div>\r\n\r\n                                \r\n                            <\/div>\r\n                            \r\n                                                        \r\n                        <\/div>\r\n\r\n                    <\/div>\r\n\r\n                \r\n\r\n\t\t\t\t\t\t<\/div>\n\t\t\t\t<\/div>\n\t\t\t\t\t<\/div>\n\t\t\t\t<\/div>\n\t\t\t\t<\/div>","protected":false},"excerpt":{"rendered":"<p>Artakalan&#8217;dan bir ad\u0131m \u00f6ncesi, bir ad\u0131m sonras\u0131. Ge\u00e7ip gidenin i\u00e7inde kal\u0131c\u0131 olan\u0131 ar\u0131yorum. \u015eehrin ritmini, duvarlar\u0131n diline \u00e7eviriyorum. \u0130leti\u015fim Projeler Se\u00e7kiler<\/p>","protected":false},"author":1,"featured_media":0,"parent":0,"menu_order":0,"comment_status":"closed","ping_status":"closed","template":"page-custom.php","meta":{"_acf_changed":false,"footnotes":""},"class_list":["post-1234","page","type-page","status-publish","hentry"],"acf":{"choi\u0441e_menu_page":"custom_menu_page","full_width":true,"header_transparent":true,"header_white":false,"menu_align_page":"center","menu_style":"fixed"},"_links":{"self":[{"href":"https:\/\/www.aybarsyucel.com\/en\/wp-json\/wp\/v2\/pages\/1234","targetHints":{"allow":["GET"]}}],"collection":[{"href":"https:\/\/www.aybarsyucel.com\/en\/wp-json\/wp\/v2\/pages"}],"about":[{"href":"https:\/\/www.aybarsyucel.com\/en\/wp-json\/wp\/v2\/types\/page"}],"author":[{"embeddable":true,"href":"https:\/\/www.aybarsyucel.com\/en\/wp-json\/wp\/v2\/users\/1"}],"replies":[{"embeddable":true,"href":"https:\/\/www.aybarsyucel.com\/en\/wp-json\/wp\/v2\/comments?post=1234"}],"version-history":[{"count":0,"href":"https:\/\/www.aybarsyucel.com\/en\/wp-json\/wp\/v2\/pages\/1234\/revisions"}],"wp:attachment":[{"href":"https:\/\/www.aybarsyucel.com\/en\/wp-json\/wp\/v2\/media?parent=1234"}],"curies":[{"name":"wp","href":"https:\/\/api.w.org\/{rel}","templated":true}]}}